{"id":164,"date":"2025-02-06T18:00:43","date_gmt":"2025-02-06T18:00:43","guid":{"rendered":"https:\/\/horizon-ne.ch\/?page_id=164"},"modified":"2025-02-06T18:11:16","modified_gmt":"2025-02-06T18:11:16","slug":"notre-mission","status":"publish","type":"page","link":"https:\/\/horizon-ne.ch\/?page_id=164","title":{"rendered":"Notre Mission"},"content":{"rendered":"\n<p>L&rsquo;Association Culturelle Horizon Neuch\u00e2tel s&rsquo;engage \u00e0 promouvoir l&rsquo;int\u00e9gration, la culture et l&rsquo;\u00e9ducation \u00e0 travers un dialogue interculturel enrichissant. Notre mission est de cr\u00e9er un espace inclusif o\u00f9 chacun, quel que soit son parcours, peut trouver des opportunit\u00e9s d&rsquo;apprentissage, d&rsquo;\u00e9panouissement personnel et de partage.<\/p>\n\n\n\n<p>Nous organisons des activit\u00e9s culturelles, artistiques, sportives et sociales qui visent \u00e0 renforcer le lien entre les communaut\u00e9s et \u00e0 encourager une meilleure compr\u00e9hension mutuelle. L&rsquo;\u00e9ducation \u00e9tant un pilier fondamental de notre engagement, nous proposons des cours de langues et des modules de formation adapt\u00e9s aux besoins des immigr\u00e9s et r\u00e9fugi\u00e9s, facilitant ainsi leur int\u00e9gration dans la soci\u00e9t\u00e9 suisse.<\/p>\n\n\n\n<p>En collaborant avec divers organismes et institutions, nous favorisons la coop\u00e9ration et la mise en place de projets innovants au service de la communaut\u00e9. Nous croyons fermement que la diversit\u00e9 est une richesse et que le respect des valeurs \u00e9thiques et humaines constitue la base d&rsquo;une soci\u00e9t\u00e9 harmonieuse.<\/p>\n\n\n\n<p>Ensemble, construisons un avenir plus solidaire, o\u00f9 chacun peut contribuer \u00e0 une soci\u00e9t\u00e9 ouverte et tol\u00e9rante.<\/p>\n\n\n\n<p><\/p>\n","protected":false},"excerpt":{"rendered":"<p>L&rsquo;Association Culturelle Horizon Neuch\u00e2tel s&rsquo;engage \u00e0 promouvoir l&rsquo;int\u00e9gration, la culture et l&rsquo;\u00e9ducation \u00e0 travers un dialogue interculturel enrichissant. Notre mission est de cr\u00e9er un espace inclusif o\u00f9 chacun, quel que soit son parcours, peut trouver des opportunit\u00e9s d&rsquo;apprentissage, d&rsquo;\u00e9panouissement personnel et de partage. Nous organisons des activit\u00e9s culturelles, artistiques, sportives [&hellip;]<\/p>\n","protected":false},"author":1,"featured_media":0,"parent":0,"menu_order":0,"comment_status":"closed","ping_status":"closed","template":"","meta":{"_themeisle_gutenberg_block_has_review":false,"footnotes":""},"class_list":["post-164","page","type-page","status-publish","hentry"],"_links":{"self":[{"href":"https:\/\/horizon-ne.ch\/index.php?rest_route=\/wp\/v2\/pages\/164","targetHints":{"allow":["GET"]}}],"collection":[{"href":"https:\/\/horizon-ne.ch\/index.php?rest_route=\/wp\/v2\/pages"}],"about":[{"href":"https:\/\/horizon-ne.ch\/index.php?rest_route=\/wp\/v2\/types\/page"}],"author":[{"embeddable":true,"href":"https:\/\/horizon-ne.ch\/index.php?rest_route=\/wp\/v2\/users\/1"}],"replies":[{"embeddable":true,"href":"https:\/\/horizon-ne.ch\/index.php?rest_route=%2Fwp%2Fv2%2Fcomments&post=164"}],"version-history":[{"count":2,"href":"https:\/\/horizon-ne.ch\/index.php?rest_route=\/wp\/v2\/pages\/164\/revisions"}],"predecessor-version":[{"id":168,"href":"https:\/\/horizon-ne.ch\/index.php?rest_route=\/wp\/v2\/pages\/164\/revisions\/168"}],"wp:attachment":[{"href":"https:\/\/horizon-ne.ch\/index.php?rest_route=%2Fwp%2Fv2%2Fmedia&parent=164"}],"curies":[{"name":"wp","href":"https:\/\/api.w.org\/{rel}","templated":true}]}}