{"id":178,"date":"2025-02-06T18:21:22","date_gmt":"2025-02-06T18:21:22","guid":{"rendered":"https:\/\/horizon-ne.ch\/?page_id=178"},"modified":"2025-04-17T20:14:27","modified_gmt":"2025-04-17T20:14:27","slug":"projets","status":"publish","type":"page","link":"https:\/\/horizon-ne.ch\/?page_id=178","title":{"rendered":"PROJETS"},"content":{"rendered":"\n<p><strong>Un Avenir Renforc\u00e9 par la Solidarit\u00e9<\/strong><\/p>\n\n\n\n<p>Association Culturelle Horizon Neuch\u00e2tel croit en la force du b\u00e9n\u00e9volat et de l&rsquo;entraide pour renforcer la coh\u00e9sion sociale. Gr\u00e2ce aux contributions pr\u00e9cieuses de nos membres et de nos soutiens, nous d\u00e9veloppons avec soin des projets culturels, \u00e9ducatifs et sociaux.<\/p>\n\n\n\n<p>Notre objectif est d\u2019organiser des activit\u00e9s ouvertes \u00e0 tous, favorisant le dialogue et la solidarit\u00e9. Avec votre soutien, nous continuons \u00e0 \u00e9largir notre impact et \u00e0 cr\u00e9er des initiatives b\u00e9n\u00e9fiques pour la communaut\u00e9.<\/p>\n\n\n\n<p>Pour suivre nos actions et nous accompagner dans notre mission, rejoignez-nous sur nos r\u00e9seaux sociaux.<\/p>\n\n\n\n<p> Construisons ensemble une soci\u00e9t\u00e9 plus solidaire !<\/p>\n\n\n\n<p><\/p>\n\n\n\n<p><\/p>\n\n\n<div class=\"wp-block-image\">\n<figure class=\"aligncenter size-full is-resized\"><img loading=\"lazy\" decoding=\"async\" width=\"400\" height=\"323\" src=\"https:\/\/horizon-ne.ch\/wp-content\/uploads\/2025\/04\/LOGO-ESPACE-color72dpiW.png\" alt=\"\" class=\"wp-image-326\" style=\"width:167px;height:auto\" srcset=\"https:\/\/horizon-ne.ch\/wp-content\/uploads\/2025\/04\/LOGO-ESPACE-color72dpiW.png 400w, https:\/\/horizon-ne.ch\/wp-content\/uploads\/2025\/04\/LOGO-ESPACE-color72dpiW-300x242.png 300w\" sizes=\"auto, (max-width: 400px) 100vw, 400px\" \/><\/figure>\n<\/div>\n\n\n<p class=\"has-text-align-center\"><strong>Soutien informatique \u00e0 ESPACE Neuch\u00e2tel &amp; Association Culturelle Horizon Neuch\u00e2tel<\/strong><\/p>\n\n\n\n<p class=\"has-text-align-center\">Ce projet vise \u00e0 renforcer les liens entre les personnes migrantes, les r\u00e9fugi\u00e9\u00b7e\u00b7s et la soci\u00e9t\u00e9 dans le canton de Neuch\u00e2tel, en facilitant leur int\u00e9gration et leur participation active \u00e0 la vie sociale. Dans ce cadre, diff\u00e9rents modules de cours de langue, une formation \u00e0 l\u2019informatique ainsi que d\u2019autres activit\u00e9s compl\u00e9mentaires sont propos\u00e9s.<\/p>\n\n\n\n<p class=\"has-text-align-center\">Une formation au num\u00e9rique, consid\u00e9r\u00e9e comme l\u2019un des besoins essentiels de notre \u00e9poque, est \u00e9galement offerte dans le cadre du projet. Elle permet aux participant\u00b7e\u00b7s de d\u00e9velopper des comp\u00e9tences pratiques, utiles tant dans la vie quotidienne que dans le monde professionnel.<\/p>\n\n\n\n<p class=\"has-text-align-center\">Le projet, qui constitue l\u2019une des initiatives phares de notre association, se d\u00e9roule \u00e0 l\u2019Espace Neuch\u00e2tel, un lieu \u00e9quip\u00e9 d\u2019une salle informatique moderne et offrant un acc\u00e8s facilit\u00e9 aux outils p\u00e9dagogiques. Les cours sont adapt\u00e9s au niveau de chacun\u00b7e, afin de favoriser un apprentissage inclusif et efficace.<\/p>\n\n\n\n<p class=\"has-text-align-center\">En parall\u00e8le, des activit\u00e9s de dialogue interculturel encouragent les \u00e9changes entre les cultures et renforcent la compr\u00e9hension mutuelle. Ainsi, les participant\u00b7e\u00b7s ne se contentent pas d\u2019acqu\u00e9rir des comp\u00e9tences linguistiques et num\u00e9riques, mais contribuent \u00e9galement \u00e0 la coh\u00e9sion sociale en cultivant les valeurs du vivre-ensemble.<\/p>\n\n\n\n<p class=\"has-text-align-center\">Date de d\u00e9but du projet : f\u00e9vrier 2025<\/p>\n\n\n\n<p class=\"has-text-align-center\">Date de fin du projet: d\u00e9cembre 2025<\/p>\n\n\n\n<p class=\"has-text-align-center\"><\/p>\n\n\n\n<p><\/p>\n","protected":false},"excerpt":{"rendered":"<p>Un Avenir Renforc\u00e9 par la Solidarit\u00e9 Association Culturelle Horizon Neuch\u00e2tel croit en la force du b\u00e9n\u00e9volat et de l&rsquo;entraide pour renforcer la coh\u00e9sion sociale. Gr\u00e2ce aux contributions pr\u00e9cieuses de nos membres et de nos soutiens, nous d\u00e9veloppons avec soin des projets culturels, \u00e9ducatifs et sociaux. Notre objectif est d\u2019organiser des [&hellip;]<\/p>\n","protected":false},"author":1,"featured_media":189,"parent":0,"menu_order":0,"comment_status":"closed","ping_status":"closed","template":"","meta":{"_themeisle_gutenberg_block_has_review":false,"footnotes":""},"class_list":["post-178","page","type-page","status-publish","has-post-thumbnail","hentry"],"_links":{"self":[{"href":"https:\/\/horizon-ne.ch\/index.php?rest_route=\/wp\/v2\/pages\/178","targetHints":{"allow":["GET"]}}],"collection":[{"href":"https:\/\/horizon-ne.ch\/index.php?rest_route=\/wp\/v2\/pages"}],"about":[{"href":"https:\/\/horizon-ne.ch\/index.php?rest_route=\/wp\/v2\/types\/page"}],"author":[{"embeddable":true,"href":"https:\/\/horizon-ne.ch\/index.php?rest_route=\/wp\/v2\/users\/1"}],"replies":[{"embeddable":true,"href":"https:\/\/horizon-ne.ch\/index.php?rest_route=%2Fwp%2Fv2%2Fcomments&post=178"}],"version-history":[{"count":5,"href":"https:\/\/horizon-ne.ch\/index.php?rest_route=\/wp\/v2\/pages\/178\/revisions"}],"predecessor-version":[{"id":329,"href":"https:\/\/horizon-ne.ch\/index.php?rest_route=\/wp\/v2\/pages\/178\/revisions\/329"}],"wp:featuredmedia":[{"embeddable":true,"href":"https:\/\/horizon-ne.ch\/index.php?rest_route=\/wp\/v2\/media\/189"}],"wp:attachment":[{"href":"https:\/\/horizon-ne.ch\/index.php?rest_route=%2Fwp%2Fv2%2Fmedia&parent=178"}],"curies":[{"name":"wp","href":"https:\/\/api.w.org\/{rel}","templated":true}]}}