{"id":2,"date":"2016-05-10T03:48:21","date_gmt":"2016-05-10T03:48:21","guid":{"rendered":"https:\/\/horizon-ne.ch\/?page_id=2"},"modified":"2025-02-06T17:35:42","modified_gmt":"2025-02-06T17:35:42","slug":"sample-page","status":"publish","type":"page","link":"https:\/\/horizon-ne.ch\/?page_id=2","title":{"rendered":"L&rsquo;Art de Vivre Ensemble"},"content":{"rendered":"<p>Il existe des phrases qui changent le cours de l&rsquo;histoire. L&rsquo;histoire les prend et les enregistre. L&rsquo;une<br \/>des phrases les plus importantes de l&rsquo;histoire de l&rsquo;humanit\u00e9 a \u00e9t\u00e9 prononc\u00e9e par Martin Luther King :<br \/>\u00ab J&rsquo;ai un r\u00eave \u00bb. Nous aussi, nous avons un r\u00eave. Un r\u00eave pour lequel nous avons pris la premi\u00e8re<br \/>\u00e9tape afin de le r\u00e9aliser. Nous souhaitons partager quelques extraits de nos r\u00eaves.<\/p>\n<ul>\n<li>Nous r\u00eavons d&rsquo;un monde o\u00f9 il n&rsquo;y a pas de distinction entre riches et pauvres, un monde o\u00f9 la<br \/>justice \u00e9conomique existe.<\/li>\n<li>Nous r\u00eavons d&rsquo;un monde o\u00f9 aucune m\u00e8re ne pleure, o\u00f9 chaque enfant trouve son abri le plus<br \/>chaleureux dans les bras de sa m\u00e8re. L&rsquo;\u00eatre humain se sent en s\u00e9curit\u00e9 l\u00e0 o\u00f9 il se trouve pr\u00e8s de sa<br \/>m\u00e8re.<\/li>\n<li>Nous r\u00eavons d&rsquo;un monde sans guerres, o\u00f9 nous acceptons chacun dans sa position.<\/li>\n<li>Fermer les yeux sur les d\u00e9fauts, respecter les pens\u00e9es diff\u00e9rentes, pardonner tout ce qui peut<br \/>\u00eatre pardonn\u00e9 ; m\u00eame face aux id\u00e9es et pens\u00e9es les plus grossi\u00e8res et inacceptables, r\u00e9pondre<br \/>avec douceur, sans dire de mauvais mots, mais avec une approche humaine et pleine de<br \/>pr\u00e9caution.<\/li>\n<li>Consid\u00e9rer m\u00eame les pens\u00e9es oppos\u00e9es comme b\u00e9n\u00e9fiques en raison de leur capacit\u00e9 \u00e0 r\u00e9parer<br \/>et restaurer fr\u00e9quemment notre vie int\u00e9rieure, \u00e9motionnelle et spirituelle.<\/li>\n<li>La tol\u00e9rance, qui englobe des notions de respect, de mis\u00e9ricorde, de g\u00e9n\u00e9rosit\u00e9 et de patience,<br \/>est l&rsquo;essence fondamentale des syst\u00e8mes moraux.<\/li>\n<li>Bien que l&rsquo;Islam, le Christianisme et le Juda\u00efsme, issus de la m\u00eame racine, partageant des<br \/>principes similaires et se nourrissant de la m\u00eame source, aient v\u00e9cu pendant des si\u00e8cles en tant que<br \/>religions rivales, les initiatives de dialogue qui ont commenc\u00e9 entre eux, et qui s&rsquo;\u00e9tendent m\u00eame aux<br \/>anciennes religions hindoues et chinoises, promettent un monde plus heureux, plus juste, plus<br \/>compatissant et plus tol\u00e9rant.<\/li>\n<li>Le droit \u00e0 la vie, qui est totalement donn\u00e9 par le Cr\u00e9ateur et ne peut \u00eatre pris que par Lui, ainsi<br \/>que la libert\u00e9 de religion et de croyance, la libert\u00e9 d&rsquo;expression, la libert\u00e9 de poss\u00e9der des biens,<br \/>d&rsquo;avoir un domicile inviolable, de se marier et d&rsquo;avoir des enfants, la libert\u00e9 de communiquer et de<br \/>voyager, le droit \u00e0 l&rsquo;\u00e9ducation et \u00e0 la libert\u00e9 d&rsquo;enseignement, et, en plus de tout cela, le principe<br \/>fondamental de prot\u00e9ger la vie, la religion, les biens, la descendance et l&rsquo;esprit, seront accept\u00e9s par<br \/>tous sans distinction de race, couleur, langue ou croyance, et la reconnaissance de l&rsquo;\u00e9galit\u00e9 des<br \/>\u00eatres humains dans leur humanit\u00e9 sera bient\u00f4t universellement accept\u00e9e.<\/li>\n<li>Notre monde vieillissant vivra un printemps magnifique avant sa fin.<\/li>\n<li>La bont\u00e9, la beaut\u00e9, la v\u00e9rit\u00e9 et la vertu, soutenues par une tol\u00e9rance pleine de bienveillance,<br \/>sont la base de notre monde.<\/li>\n<\/ul>\n<p><span>T\u00e9l\u00e9charger le fichier <\/span><a href=\"https:\/\/horizon-ne.ch\/wp-content\/uploads\/2025\/01\/L_Art_de_Vivre_Ensemble-2.pdf\">L_Art_de_Vivre_Ensemble<\/a><img loading=\"lazy\" decoding=\"async\" src=\"https:\/\/horizon-ne.ch\/wp-content\/uploads\/2025\/01\/file-pdf-solid-b2e69a.svg\" alt=\"\" class=\"wp-image-71 alignleft\" width=\"20\" height=\"20\" \/><\/p>\n\n\n<p><\/p>\n","protected":false},"excerpt":{"rendered":"<p>Il existe des phrases qui changent le cours de l&rsquo;histoire. L&rsquo;histoire les prend et les enregistre. L&rsquo;unedes phrases les plus importantes de l&rsquo;histoire de l&rsquo;humanit\u00e9 a \u00e9t\u00e9 prononc\u00e9e par Martin Luther King :\u00ab J&rsquo;ai un r\u00eave \u00bb. Nous aussi, nous avons un r\u00eave. Un r\u00eave pour lequel nous avons pris [&hellip;]<\/p>\n","protected":false},"author":2,"featured_media":0,"parent":0,"menu_order":0,"comment_status":"closed","ping_status":"open","template":"","meta":{"_themeisle_gutenberg_block_has_review":false,"footnotes":""},"class_list":["post-2","page","type-page","status-publish","hentry"],"_links":{"self":[{"href":"https:\/\/horizon-ne.ch\/index.php?rest_route=\/wp\/v2\/pages\/2","targetHints":{"allow":["GET"]}}],"collection":[{"href":"https:\/\/horizon-ne.ch\/index.php?rest_route=\/wp\/v2\/pages"}],"about":[{"href":"https:\/\/horizon-ne.ch\/index.php?rest_route=\/wp\/v2\/types\/page"}],"author":[{"embeddable":true,"href":"https:\/\/horizon-ne.ch\/index.php?rest_route=\/wp\/v2\/users\/2"}],"replies":[{"embeddable":true,"href":"https:\/\/horizon-ne.ch\/index.php?rest_route=%2Fwp%2Fv2%2Fcomments&post=2"}],"version-history":[{"count":1,"href":"https:\/\/horizon-ne.ch\/index.php?rest_route=\/wp\/v2\/pages\/2\/revisions"}],"predecessor-version":[{"id":72,"href":"https:\/\/horizon-ne.ch\/index.php?rest_route=\/wp\/v2\/pages\/2\/revisions\/72"}],"wp:attachment":[{"href":"https:\/\/horizon-ne.ch\/index.php?rest_route=%2Fwp%2Fv2%2Fmedia&parent=2"}],"curies":[{"name":"wp","href":"https:\/\/api.w.org\/{rel}","templated":true}]}}