{"id":22,"date":"2025-02-06T17:05:59","date_gmt":"2025-02-06T17:05:59","guid":{"rendered":"https:\/\/horizon-ne.ch\/?page_id=22"},"modified":"2025-02-06T22:08:58","modified_gmt":"2025-02-06T22:08:58","slug":"association-culturelle-horizon-neuchatel-statuts","status":"publish","type":"page","link":"https:\/\/horizon-ne.ch\/?page_id=22","title":{"rendered":"STATUTS"},"content":{"rendered":"\n<p><strong>I. NOM ET SI\u00c8GE<\/strong><br><strong>Article 1 :<\/strong> Notre association porte le nom de \u00ab\u00a0Association Culturelle Horizon Neuch\u00e2tel\u00a0\u00bb, d\u00e9sign\u00e9e ci-apr\u00e8s sous le nom de \u00ab\u00a0Horizon NE\u00a0\u00bb. C&rsquo;est une association \u00e0 but non lucratif et politiquement ind\u00e9pendante, conform\u00e9ment aux articles 60 ss du Code Civil Suisse (CCS).<br><strong>Article 2 :<\/strong> Le si\u00e8ge de l&rsquo;association se trouve au lieu de r\u00e9sidence de la pr\u00e9sidence<\/p>\n\n\n\n<p><strong>II. BUTS<\/strong><\/p>\n\n\n\n<p><strong>Article 3 :<\/strong> L&rsquo;Association Culturelle Horizon Neuch\u00e2tel est une association \u00e0 but non lucratif d\u00e9di\u00e9e \u00e0 l&rsquo;int\u00e9gration, la culture, l&rsquo;\u00e9ducation et le dialogue interculturel. Les activit\u00e9s de l&rsquo;association sont accessibles \u00e0 toute personne r\u00e9sident en Suisse. Elle agit notamment par:<\/p>\n\n\n\n<ul class=\"wp-block-list\">\n<li>L\u2019organisation d\u2019activit\u00e9s culturelles, artistiques, sportives et sociales pour tous \u00e2ges.<\/li>\n\n\n\n<li>L\u2019organisation d\u2019 activit\u00e9s \u00e9ducatives, incluant l&rsquo;enseignement des valeurs \u00e9thiques.<\/li>\n\n\n\n<li>La mise en place de modules de cours de langues et et autres activit\u00e9s pour faciliter l&rsquo;int\u00e9gration des immigr\u00e9s et des refugies dans le canton de Neuch\u00e2tel.<\/li>\n\n\n\n<li>La promotion de la coop\u00e9ration entre divers organismes et individus.<\/li>\n<\/ul>\n\n\n\n<p><strong>III. RESSOURCES<\/strong><\/p>\n\n\n\n<p><strong>Article 4 : <\/strong>Les ressources de l\u2019association sont constitu\u00e9es par :<\/p>\n\n\n\n<ul class=\"wp-block-list\">\n<li>Les cotisations des membres.<\/li>\n\n\n\n<li>Les dons, legs et subventions de toute nature qu\u2019elle peut recevoir.<\/li>\n\n\n\n<li>Subventions provenant d\u2019autres organisations ou fondations, des pouvoirs publics et au travers de toutes autres actions particuli\u00e8res.<\/li>\n\n\n\n<li>Le produit de manifestations et des appels de fonds<\/li>\n<\/ul>\n\n\n\n<p><strong>IV. ADH\u00c9SION<\/strong><br><strong>Article 5 :<\/strong> Peuvent devenir membres de l\u2019Association Culturelle Horizon Neuch\u00e2tel, toute personne physique ou morale (soci\u00e9t\u00e9 civile, organisations \u00e9tatiques ou communales, etc.) adh\u00e9rant aux buts de l\u2019association d\u00e9fini \u00e0 l\u2019art. 3. La demande d&rsquo;adh\u00e9sion est adress\u00e9e sous la forme \u00e9crire au comit\u00e9 de l\u2019association : elle est g\u00e9n\u00e9ralement r\u00e9serv\u00e9e aux personnes r\u00e9sidants dans le canton, mais des demandes ext\u00e9rieures au territoire cantonal peuvent \u00eatre accept\u00e9es.<br><strong>Article 6 :<\/strong> Les membres s\u2019engagent \u00e0 respecter les statuts et \u00e0 verser r\u00e9guli\u00e8rement la cotisation.<br><strong>Article 7 :<\/strong> Les membres peuvent quitter l\u2019association en tout temps, en informant le comit\u00e9 par \u00e9crit. Le comit\u00e9 peut exclure un membre pour non-paiement de la cotisation (apr\u00e8s rappels) ou pour toute action contraire aux objectifs et r\u00e8gles \u00e9thiques de l\u2019association.<\/p>\n\n\n\n<p><strong>V. ORGANES<\/strong><\/p>\n\n\n\n<p>L&rsquo;association se compose des organes suivants :<\/p>\n\n\n\n<ul class=\"wp-block-list\">\n<li>L&rsquo;assembl\u00e9e g\u00e9n\u00e9ral<\/li>\n\n\n\n<li>Le comit\u00e9<\/li>\n\n\n\n<li>L\u2019organe de r\u00e9vision<\/li>\n<\/ul>\n\n\n\n<p><strong>Article 8 : Assembl\u00e9e G\u00e9n\u00e9rale<\/strong><br>L&rsquo;Assembl\u00e9e G\u00e9n\u00e9rale Ordinaire se r\u00e9unit au moins une fois par an. La date et l&rsquo;ordre du jour de la r\u00e9union sont annonc\u00e9s par \u00e9crit au moins quinze jours avant la r\u00e9union.<br>Le comit\u00e9 peut convoquer une assembl\u00e9e g\u00e9n\u00e9rale extraordinaire chaque fois qu&rsquo;il le juge n\u00e9cessaire ou \u00e0 la demande d&rsquo;un cinqui\u00e8me des membres de l&rsquo;assembl\u00e9e g\u00e9n\u00e9rale.<\/p>\n\n\n\n<p><strong>Article 9 : Attributions de l&rsquo;Assembl\u00e9e G\u00e9n\u00e9rale<\/strong><\/p>\n\n\n\n<ul class=\"wp-block-list\">\n<li>\u00c9lection du.de la pr\u00e9sident\u00b7e, des membres du comit\u00e9 et de l\u2019organe de r\u00e9vision, ainsi que leur r\u00e9vocation,<\/li>\n\n\n\n<li>D\u00e9termination du montant des cotisations.<\/li>\n\n\n\n<li>Nomination de membres temporaires ou permanents de commissions sp\u00e9ciales selon les besoins des activit\u00e9s et des projets.<\/li>\n\n\n\n<li>Approbation des comptes et du rapport de gestion.<\/li>\n\n\n\n<li>Approbation du budget.<\/li>\n\n\n\n<li>Examiner les suggestions du comit\u00e9 et des membres.<\/li>\n\n\n\n<li>R\u00e9vision du statut.<\/li>\n<\/ul>\n\n\n\n<p><strong>Article 10 : Droit de vote, D\u00e9cisions<\/strong><\/p>\n\n\n\n<ul class=\"wp-block-list\">\n<li>Les membres disposent d&rsquo;une voix \u00e0 l&rsquo;assembl\u00e9e g\u00e9n\u00e9rale et ils ne peuvent pas se faire repr\u00e9senter.<\/li>\n\n\n\n<li>Les d\u00e9cisions sont prises \u00e0 la majorit\u00e9 simple ; en cas de partage des voix, la voix du.de la pr\u00e9sident.e est d\u00e9terminante.<\/li>\n\n\n\n<li>Les modifications des statuts sont approuv\u00e9es et accept\u00e9es par les deux tiers des membres pr\u00e9sents \u00e0 l&rsquo;assembl\u00e9e g\u00e9n\u00e9rale.<\/li>\n<\/ul>\n\n\n\n<p><strong>Article 11 : Comit\u00e9<\/strong><br>Les membres du comit\u00e9 sont nomm\u00e9s par l\u2019assembl\u00e9e g\u00e9n\u00e9rale pour une p\u00e9riode de deux ans et sont r\u00e9\u00e9ligibles. En cas de d\u00e9mission ou de r\u00e9vocation d&rsquo;un membre du comit\u00e9, le comit\u00e9 peut d\u00e9signer un autre membre jusqu&rsquo;\u00e0 l&rsquo;assembl\u00e9e g\u00e9n\u00e9rale suivante sans convoquer l&rsquo;assembl\u00e9e g\u00e9n\u00e9rale. Le comit\u00e9 est compos\u00e9 d\u2019au moins trois membres dont un.e pr\u00e9sident.e, un.e secr\u00e9taire et un.e tr\u00e9sorier.\u00e8re nomm\u00e9s.es par l\u2019AG. Le comit\u00e9 \u00e9lu s\u2019organise lui-m\u00eame autour du.de la pr\u00e9sident.e. Le comit\u00e9 engage l\u2019Association Culturelle Horizon Neuch\u00e2tel par la signature \u00e0 deux, du.de la pr\u00e9sident.e, du.de la secr\u00e9taire et du.de la tr\u00e9sorier.i\u00e8re ou d\u2019un ou d\u2019une de ses membres. Les mandataires sont d\u00e9sign\u00e9s par l\u2019AG.<\/p>\n\n\n\n<p><strong>Le Comit\u00e9 est charg\u00e9<\/strong> <strong>des t\u00e2ches suivantes :<\/strong><\/p>\n\n\n\n<ul class=\"wp-block-list\">\n<li>Les devoirs du.de la Pr\u00e9sident.e : Pr\u00e9parer et g\u00e9rer les r\u00e9unions de l&rsquo;assembl\u00e9e g\u00e9n\u00e9rale et du Comit\u00e9.<\/li>\n\n\n\n<li>L\u2019organisation de l&rsquo;assembl\u00e9e g\u00e9n\u00e9rale<\/li>\n\n\n\n<li>L\u2019\u00e9laboration du rapport sur les activit\u00e9s de l&rsquo;association pour l&rsquo;assembl\u00e9e g\u00e9n\u00e9rale<\/li>\n\n\n\n<li>L\u2019admission ou l&rsquo;exclusion des membres de l\u2019association<\/li>\n\n\n\n<li>Encaissement des cotisations<\/li>\n\n\n\n<li>La r\u00e9ception des dons et des legs<\/li>\n\n\n\n<li>L\u2019\u00e9tablissement des comptes annuels et du rapport de gestion<\/li>\n\n\n\n<li>Pr\u00e9paration du budget<\/li>\n\n\n\n<li>Mettre en \u0153uvre les d\u00e9cisions de l&rsquo;assembl\u00e9e g\u00e9n\u00e9rale<\/li>\n\n\n\n<li>\u00c9laboration et mise en \u0153uvre du r\u00e8glement int\u00e9rieur<\/li>\n\n\n\n<li>Repr\u00e9senter l&rsquo;Association dans les relations ext\u00e9rieures<\/li>\n\n\n\n<li>D\u00e9cider de toutes les d\u00e9penses conformes aux objectifs des statuts et disposer des biens de l&rsquo;association \u00e0 cet effet.<\/li>\n<\/ul>\n\n\n\n<p><strong>Article 12 : Organe de R\u00e9vision<\/strong><br>Les v\u00e9rificateurs des comptes pr\u00e9sentent chaque ann\u00e9e leur rapport \u00e0 l\u2019Assembl\u00e9e G\u00e9n\u00e9rale ordinaire.<\/p>\n\n\n\n<p><strong>VI. DISPOSITIONS FINALES<\/strong><br><strong>Article 13 :<\/strong> L\u2019exercice annuel commence le 1er janvier et se termine le 31 d\u00e9cembre.<br><strong>Article 14 :<\/strong> La dissolution de l\u2019association sera d\u00e9cid\u00e9e \u00e0 la majorit\u00e9 des deux-tiers de l\u2019Assembl\u00e9e G\u00e9n\u00e9rale convoqu\u00e9e \u00e0 cet effet. En cas de dissolution de l&rsquo;association, ses actifs seront transf\u00e9r\u00e9s \u00e0 une organisation \u00e0 but non lucratif, poursuivant des objectifs similaires.<\/p>\n\n\n\n<p><br><em>Ces statuts comprennent 6 titres et 14 articles et a \u00e9t\u00e9 approuv\u00e9 lors de la r\u00e9union des fondateurs du 19 janvier 2025<\/em><\/p>\n\n\n\n<p><\/p>\n\n\n\n<p><\/p>\n\n\n\n<p><\/p>\n","protected":false},"excerpt":{"rendered":"<p>I. NOM ET SI\u00c8GEArticle 1 : Notre association porte le nom de \u00ab\u00a0Association Culturelle Horizon Neuch\u00e2tel\u00a0\u00bb, d\u00e9sign\u00e9e ci-apr\u00e8s sous le nom de \u00ab\u00a0Horizon NE\u00a0\u00bb. C&rsquo;est une association \u00e0 but non lucratif et politiquement ind\u00e9pendante, conform\u00e9ment aux articles 60 ss du Code Civil Suisse (CCS).Article 2 : Le si\u00e8ge de l&rsquo;association [&hellip;]<\/p>\n","protected":false},"author":2,"featured_media":0,"parent":0,"menu_order":0,"comment_status":"closed","ping_status":"closed","template":"","meta":{"_themeisle_gutenberg_block_has_review":false,"footnotes":""},"class_list":["post-22","page","type-page","status-publish","hentry"],"_links":{"self":[{"href":"https:\/\/horizon-ne.ch\/index.php?rest_route=\/wp\/v2\/pages\/22","targetHints":{"allow":["GET"]}}],"collection":[{"href":"https:\/\/horizon-ne.ch\/index.php?rest_route=\/wp\/v2\/pages"}],"about":[{"href":"https:\/\/horizon-ne.ch\/index.php?rest_route=\/wp\/v2\/types\/page"}],"author":[{"embeddable":true,"href":"https:\/\/horizon-ne.ch\/index.php?rest_route=\/wp\/v2\/users\/2"}],"replies":[{"embeddable":true,"href":"https:\/\/horizon-ne.ch\/index.php?rest_route=%2Fwp%2Fv2%2Fcomments&post=22"}],"version-history":[{"count":13,"href":"https:\/\/horizon-ne.ch\/index.php?rest_route=\/wp\/v2\/pages\/22\/revisions"}],"predecessor-version":[{"id":203,"href":"https:\/\/horizon-ne.ch\/index.php?rest_route=\/wp\/v2\/pages\/22\/revisions\/203"}],"wp:attachment":[{"href":"https:\/\/horizon-ne.ch\/index.php?rest_route=%2Fwp%2Fv2%2Fmedia&parent=22"}],"curies":[{"name":"wp","href":"https:\/\/api.w.org\/{rel}","templated":true}]}}